{"id":18,"date":"2015-12-08T16:15:32","date_gmt":"2015-12-08T16:15:32","guid":{"rendered":"http:\/\/cms.ballon.de\/?page_id=18"},"modified":"2021-01-29T16:58:10","modified_gmt":"2021-01-29T16:58:10","slug":"das-team","status":"publish","type":"page","link":"https:\/\/ballon.de\/?page_id=18","title":{"rendered":"Das Team"},"content":{"rendered":"<p><img loading=\"lazy\" class=\"size-medium wp-image-74 alignright\" src=\"https:\/\/ballon.de\/wp-content\/uploads\/2015\/12\/IMG_8958-300x200.jpg\" alt=\"Ballonteam Werl\" width=\"300\" height=\"200\" srcset=\"https:\/\/ballon.de\/wp-content\/uploads\/2015\/12\/IMG_8958-300x200.jpg 300w, https:\/\/ballon.de\/wp-content\/uploads\/2015\/12\/IMG_8958-768x512.jpg 768w, https:\/\/ballon.de\/wp-content\/uploads\/2015\/12\/IMG_8958.jpg 1000w\" sizes=\"(max-width: 300px) 100vw, 300px\" \/>Unsere Piloten werden regelm\u00e4\u00dfig fortgebildet, denn Sicherheit ist unser h\u00f6chstes Gebot!<br \/>Daf\u00fcr steht unser Unternehmen und die jeweiligen Piloten.<\/p>\n<p class=\"keep\">\u00a0<\/p>\n<p>Das Team besteht auch aus vielen freiwilligen Helfern die diese Arbeiten schon jahrelang f\u00fcr uns ausf\u00fchren und regelm\u00e4\u00dfig fortgebildet werden.<\/p>\n<p style=\"clear: both; margin-top: 1em;\"><img loading=\"lazy\" class=\"size-medium wp-image-118 alignright\" src=\"https:\/\/ballon.de\/wp-content\/uploads\/2015\/12\/IMG_3676-e1453364305173-300x184.jpg\" alt=\"Das Ballonteam Werl\" width=\"300\" height=\"184\" srcset=\"https:\/\/ballon.de\/wp-content\/uploads\/2015\/12\/IMG_3676-e1453364305173-300x184.jpg 300w, https:\/\/ballon.de\/wp-content\/uploads\/2015\/12\/IMG_3676-e1453364305173-768x471.jpg 768w, https:\/\/ballon.de\/wp-content\/uploads\/2015\/12\/IMG_3676-e1453364305173-1024x628.jpg 1024w\" sizes=\"(max-width: 300px) 100vw, 300px\" \/><\/p>\n<p>Gerne nehmen wir neue Teammitglieder auf, <a href=\"mailto:info@ballon.de\">melden Sie sich bei uns<\/a>!<br \/>Bei Veranstaltungen k\u00f6nnen die Mitglieder,\u00a0bei gen\u00fcgend Platz, im Wechsel im Ballonkorb mitfahren.<\/p>\n<p>\u00a0<\/p>\n<h2>Die Piloten<\/h2>\n\n\n<div class=\"wp-block-group\"><div class=\"wp-block-group__inner-container\">\n<div class=\"wp-block-columns\">\n<div class=\"wp-block-column\">\n<div class=\"wp-block-image\"><figure class=\"aligncenter size-full is-resized\"><a href=\"https:\/\/ballon.de\/wp-content\/uploads\/2021\/01\/wolf-dietrich-kadach-e1611924749296-edited.jpg\" rel=\"lightbox[18]\"><img loading=\"lazy\" src=\"https:\/\/ballon.de\/wp-content\/uploads\/2021\/01\/wolf-dietrich-kadach-e1611924749296-edited.jpg\" alt=\"\" class=\"wp-image-457\" width=\"277\" height=\"438\"\/><\/a><figcaption>Pilot Wolf-Dietrich Kadach, Leiter des Luftfahrtunternehmens<\/figcaption><\/figure><\/div>\n<\/div>\n\n\n\n<div class=\"wp-block-column\">\n<div class=\"wp-block-image\"><figure class=\"aligncenter size-large is-resized\"><a href=\"https:\/\/ballon.de\/wp-content\/uploads\/2021\/01\/michael-winsel.jpg\" rel=\"lightbox[18]\"><img loading=\"lazy\" src=\"https:\/\/ballon.de\/wp-content\/uploads\/2021\/01\/michael-winsel-edited.jpg\" alt=\"Pilot Michael Winsel, Lehrer uns Ausbilder f\u00fcr Ballonpiloten\" class=\"wp-image-456\" width=\"274\" height=\"437\" srcset=\"https:\/\/ballon.de\/wp-content\/uploads\/2021\/01\/michael-winsel-edited.jpg 515w, https:\/\/ballon.de\/wp-content\/uploads\/2021\/01\/michael-winsel-edited-188x300.jpg 188w\" sizes=\"(max-width: 274px) 100vw, 274px\" \/><\/a><figcaption>Pilot Michael Winsel, Lehrer und Ausbilder f\u00fcr Ballonpiloten<\/figcaption><\/figure><\/div>\n<\/div>\n<\/div>\n<\/div><\/div>\n\n\n\n<figure class=\"wp-block-gallery columns-4 is-cropped\"><ul class=\"blocks-gallery-grid\"><li class=\"blocks-gallery-item\"><figure><a href=\"https:\/\/ballon.de\/wp-content\/uploads\/2016\/01\/5101_Chambley.jpg\" rel=\"lightbox[18]\"><img loading=\"lazy\" width=\"150\" height=\"150\" src=\"https:\/\/ballon.de\/wp-content\/uploads\/2016\/01\/5101_Chambley-150x150.jpg\" alt=\"\" data-id=\"154\" data-full-url=\"https:\/\/ballon.de\/wp-content\/uploads\/2016\/01\/5101_Chambley.jpg\" data-link=\"https:\/\/ballon.de\/?attachment_id=154\" class=\"wp-image-154\"\/><\/a><\/figure><\/li><li class=\"blocks-gallery-item\"><figure><a href=\"https:\/\/ballon.de\/wp-content\/uploads\/2016\/01\/5639_Chambley.jpg\" rel=\"lightbox[18]\"><img loading=\"lazy\" width=\"150\" height=\"150\" src=\"https:\/\/ballon.de\/wp-content\/uploads\/2016\/01\/5639_Chambley-150x150.jpg\" alt=\"\" data-id=\"162\" data-full-url=\"https:\/\/ballon.de\/wp-content\/uploads\/2016\/01\/5639_Chambley.jpg\" data-link=\"https:\/\/ballon.de\/?attachment_id=162\" class=\"wp-image-162\"\/><\/a><\/figure><\/li><li class=\"blocks-gallery-item\"><figure><a href=\"https:\/\/ballon.de\/wp-content\/uploads\/2015\/12\/IMG_3676-e1453364305173.jpg\" rel=\"lightbox[18]\"><img loading=\"lazy\" width=\"150\" height=\"150\" src=\"https:\/\/ballon.de\/wp-content\/uploads\/2015\/12\/IMG_3676-e1453364305173-150x150.jpg\" alt=\"Das Ballonteam Werl\" data-id=\"118\" data-full-url=\"https:\/\/ballon.de\/wp-content\/uploads\/2015\/12\/IMG_3676-e1453364305173.jpg\" data-link=\"https:\/\/ballon.de\/?attachment_id=118\" class=\"wp-image-118\"\/><\/a><\/figure><\/li><li class=\"blocks-gallery-item\"><figure><a href=\"https:\/\/ballon.de\/wp-content\/uploads\/2016\/01\/5249_Chambley.jpg\" rel=\"lightbox[18]\"><img loading=\"lazy\" width=\"150\" height=\"150\" src=\"https:\/\/ballon.de\/wp-content\/uploads\/2016\/01\/5249_Chambley-150x150.jpg\" alt=\"\" data-id=\"161\" data-full-url=\"https:\/\/ballon.de\/wp-content\/uploads\/2016\/01\/5249_Chambley.jpg\" data-link=\"https:\/\/ballon.de\/?attachment_id=161\" class=\"wp-image-161\"\/><\/a><\/figure><\/li><\/ul><\/figure>\n","protected":false},"excerpt":{"rendered":"<p>Unsere Piloten werden regelm\u00e4\u00dfig fortgebildet, denn Sicherheit ist unser h\u00f6chstes Gebot!Daf\u00fcr steht unser Unternehmen und die jeweiligen Piloten. \u00a0 Das Team besteht auch aus vielen freiwilligen Helfern die diese Arbeiten schon jahrelang f\u00fcr uns ausf\u00fchren und regelm\u00e4\u00dfig fortgebildet werden. Gerne nehmen wir neue Teammitglieder auf, melden Sie sich bei uns!Bei Veranstaltungen k\u00f6nnen die Mitglieder,\u00a0bei gen\u00fcgend [&hellip;]<\/p>\n","protected":false},"author":1,"featured_media":0,"parent":0,"menu_order":0,"comment_status":"closed","ping_status":"closed","template":"full-width-page.php","meta":[],"_links":{"self":[{"href":"https:\/\/ballon.de\/index.php?rest_route=\/wp\/v2\/pages\/18"}],"collection":[{"href":"https:\/\/ballon.de\/index.php?rest_route=\/wp\/v2\/pages"}],"about":[{"href":"https:\/\/ballon.de\/index.php?rest_route=\/wp\/v2\/types\/page"}],"author":[{"embeddable":true,"href":"https:\/\/ballon.de\/index.php?rest_route=\/wp\/v2\/users\/1"}],"replies":[{"embeddable":true,"href":"https:\/\/ballon.de\/index.php?rest_route=%2Fwp%2Fv2%2Fcomments&post=18"}],"version-history":[{"count":27,"href":"https:\/\/ballon.de\/index.php?rest_route=\/wp\/v2\/pages\/18\/revisions"}],"predecessor-version":[{"id":464,"href":"https:\/\/ballon.de\/index.php?rest_route=\/wp\/v2\/pages\/18\/revisions\/464"}],"wp:attachment":[{"href":"https:\/\/ballon.de\/index.php?rest_route=%2Fwp%2Fv2%2Fmedia&parent=18"}],"curies":[{"name":"wp","href":"https:\/\/api.w.org\/{rel}","templated":true}]}}