{"id":20,"date":"2015-12-08T16:15:45","date_gmt":"2015-12-08T16:15:45","guid":{"rendered":"http:\/\/cms.ballon.de\/?page_id=20"},"modified":"2018-05-17T10:36:42","modified_gmt":"2018-05-17T10:36:42","slug":"buchung","status":"publish","type":"page","link":"https:\/\/ballon.de\/?page_id=20","title":{"rendered":"Buchung"},"content":{"rendered":"<p>Sehr geehrter Gast, wenn Sie eine Ballonfahrt anfragen m\u00f6chten oder eine Ballonfahrt in Form eines Geschenkgutscheins verschenken m\u00f6chten, so freuen wir uns \u00fcber eine Nachricht von Ihnen.<\/p>\n<p><strong>Ballonteam Werl<\/strong><br \/>\nTel.: 02922-974741<br \/>\nE-Mail: <a title=\"\" href=\"mailto:info@ballon.de\">info@ballon.de<\/a><\/p>\n<p>&nbsp;<\/p>\n","protected":false},"excerpt":{"rendered":"<p>Sehr geehrter Gast, wenn Sie eine Ballonfahrt anfragen m\u00f6chten oder eine Ballonfahrt in Form eines Geschenkgutscheins verschenken m\u00f6chten, so freuen wir uns \u00fcber eine Nachricht von Ihnen. Ballonteam Werl Tel.: 02922-974741 E-Mail: info@ballon.de &nbsp;<\/p>\n","protected":false},"author":1,"featured_media":0,"parent":0,"menu_order":0,"comment_status":"closed","ping_status":"closed","template":"full-width-page.php","meta":[],"_links":{"self":[{"href":"https:\/\/ballon.de\/index.php?rest_route=\/wp\/v2\/pages\/20"}],"collection":[{"href":"https:\/\/ballon.de\/index.php?rest_route=\/wp\/v2\/pages"}],"about":[{"href":"https:\/\/ballon.de\/index.php?rest_route=\/wp\/v2\/types\/page"}],"author":[{"embeddable":true,"href":"https:\/\/ballon.de\/index.php?rest_route=\/wp\/v2\/users\/1"}],"replies":[{"embeddable":true,"href":"https:\/\/ballon.de\/index.php?rest_route=%2Fwp%2Fv2%2Fcomments&post=20"}],"version-history":[{"count":7,"href":"https:\/\/ballon.de\/index.php?rest_route=\/wp\/v2\/pages\/20\/revisions"}],"predecessor-version":[{"id":417,"href":"https:\/\/ballon.de\/index.php?rest_route=\/wp\/v2\/pages\/20\/revisions\/417"}],"wp:attachment":[{"href":"https:\/\/ballon.de\/index.php?rest_route=%2Fwp%2Fv2%2Fmedia&parent=20"}],"curies":[{"name":"wp","href":"https:\/\/api.w.org\/{rel}","templated":true}]}}