{"id":26,"date":"2015-12-08T16:16:30","date_gmt":"2015-12-08T16:16:30","guid":{"rendered":"http:\/\/cms.ballon.de\/?page_id=26"},"modified":"2016-01-25T09:54:06","modified_gmt":"2016-01-25T09:54:06","slug":"kleidung","status":"publish","type":"page","link":"https:\/\/ballon.de\/?page_id=26","title":{"rendered":"Kleidung"},"content":{"rendered":"<p><img loading=\"lazy\" class=\"size-medium wp-image-56 alignright\" src=\"https:\/\/ballon.de\/wp-content\/uploads\/2015\/12\/IMG_0182-300x225.jpg\" alt=\"IMG_0182\" width=\"300\" height=\"225\" \/>Sportlich und der jeweiligen Jahreszeit entsprechend sind Sie f\u00fcrs Ballonfahren richtig gekleidet. Festes Schuhwerk, kn\u00f6chelhoch, wie Wander- oder Bergschuhe sind besonders wichtig. Eine lange Hose ist empfehlenswert.<br \/>\nIn der Luft ist es kaum merklich k\u00e4lter als am Boden.<\/p>\n<p>Vergessen Sie auch eine Kopfbedeckung nicht: Sie sind der Sonne ein gutes St\u00fcck n\u00e4her und auch dem Brenner im Korb!<\/p>\n","protected":false},"excerpt":{"rendered":"<p>Sportlich und der jeweiligen Jahreszeit entsprechend sind Sie f\u00fcrs Ballonfahren richtig gekleidet. Festes Schuhwerk, kn\u00f6chelhoch, wie Wander- oder Bergschuhe sind besonders wichtig. Eine lange Hose ist empfehlenswert. In der Luft ist es kaum merklich k\u00e4lter als am Boden. Vergessen Sie auch eine Kopfbedeckung nicht: Sie sind der Sonne ein gutes St\u00fcck n\u00e4her und auch dem [&hellip;]<\/p>\n","protected":false},"author":1,"featured_media":0,"parent":0,"menu_order":0,"comment_status":"closed","ping_status":"closed","template":"full-width-page.php","meta":[],"_links":{"self":[{"href":"https:\/\/ballon.de\/index.php?rest_route=\/wp\/v2\/pages\/26"}],"collection":[{"href":"https:\/\/ballon.de\/index.php?rest_route=\/wp\/v2\/pages"}],"about":[{"href":"https:\/\/ballon.de\/index.php?rest_route=\/wp\/v2\/types\/page"}],"author":[{"embeddable":true,"href":"https:\/\/ballon.de\/index.php?rest_route=\/wp\/v2\/users\/1"}],"replies":[{"embeddable":true,"href":"https:\/\/ballon.de\/index.php?rest_route=%2Fwp%2Fv2%2Fcomments&post=26"}],"version-history":[{"count":5,"href":"https:\/\/ballon.de\/index.php?rest_route=\/wp\/v2\/pages\/26\/revisions"}],"predecessor-version":[{"id":282,"href":"https:\/\/ballon.de\/index.php?rest_route=\/wp\/v2\/pages\/26\/revisions\/282"}],"wp:attachment":[{"href":"https:\/\/ballon.de\/index.php?rest_route=%2Fwp%2Fv2%2Fmedia&parent=26"}],"curies":[{"name":"wp","href":"https:\/\/api.w.org\/{rel}","templated":true}]}}