{"id":28,"date":"2015-12-08T16:16:42","date_gmt":"2015-12-08T16:16:42","guid":{"rendered":"http:\/\/cms.ballon.de\/?page_id=28"},"modified":"2016-01-25T09:57:18","modified_gmt":"2016-01-25T09:57:18","slug":"versicherung","status":"publish","type":"page","link":"https:\/\/ballon.de\/?page_id=28","title":{"rendered":"Versicherung"},"content":{"rendered":"<p><img loading=\"lazy\" class=\"size-medium wp-image-159 alignright\" src=\"https:\/\/ballon.de\/wp-content\/uploads\/2016\/01\/5232_BallonteamFahrzeug-300x200.jpg\" alt=\"5232_BallonteamFahrzeug\" width=\"300\" height=\"200\" srcset=\"https:\/\/ballon.de\/wp-content\/uploads\/2016\/01\/5232_BallonteamFahrzeug-300x200.jpg 300w, https:\/\/ballon.de\/wp-content\/uploads\/2016\/01\/5232_BallonteamFahrzeug-768x512.jpg 768w, https:\/\/ballon.de\/wp-content\/uploads\/2016\/01\/5232_BallonteamFahrzeug.jpg 1000w\" sizes=\"(max-width: 300px) 100vw, 300px\" \/>Selbstverst\u00e4ndlich\u00a0 sind Sie bei uns gem\u00e4\u00df den europ\u00e4ischen Bestimmungen versichert.<\/p>\n<p>Selbstverst\u00e4ndlich steht es Ihnen frei, sich vor Antritt der Fahrt auf eigene Kosten h\u00f6her zu versichern. Entnehmen Sie die Versicherungss\u00e4tze bitte unseren <a href=\"https:\/\/ballon.de\/?page_id=226\">Bef\u00f6rderungsbedingungen<\/a>.<\/p>\n<p>&nbsp;<\/p>\n<p>Wir gehen in jedem Fall davon aus, dass wir alle G\u00e4ste (ausgenommen Fallschirmspringer) wieder sicher zu Boden bringen. \ud83d\ude42<\/p>\n","protected":false},"excerpt":{"rendered":"<p>Selbstverst\u00e4ndlich\u00a0 sind Sie bei uns gem\u00e4\u00df den europ\u00e4ischen Bestimmungen versichert. Selbstverst\u00e4ndlich steht es Ihnen frei, sich vor Antritt der Fahrt auf eigene Kosten h\u00f6her zu versichern. Entnehmen Sie die Versicherungss\u00e4tze bitte unseren Bef\u00f6rderungsbedingungen. &nbsp; Wir gehen in jedem Fall davon aus, dass wir alle G\u00e4ste (ausgenommen Fallschirmspringer) wieder sicher zu Boden bringen. \ud83d\ude42<\/p>\n","protected":false},"author":1,"featured_media":0,"parent":0,"menu_order":0,"comment_status":"closed","ping_status":"closed","template":"full-width-page.php","meta":[],"_links":{"self":[{"href":"https:\/\/ballon.de\/index.php?rest_route=\/wp\/v2\/pages\/28"}],"collection":[{"href":"https:\/\/ballon.de\/index.php?rest_route=\/wp\/v2\/pages"}],"about":[{"href":"https:\/\/ballon.de\/index.php?rest_route=\/wp\/v2\/types\/page"}],"author":[{"embeddable":true,"href":"https:\/\/ballon.de\/index.php?rest_route=\/wp\/v2\/users\/1"}],"replies":[{"embeddable":true,"href":"https:\/\/ballon.de\/index.php?rest_route=%2Fwp%2Fv2%2Fcomments&post=28"}],"version-history":[{"count":8,"href":"https:\/\/ballon.de\/index.php?rest_route=\/wp\/v2\/pages\/28\/revisions"}],"predecessor-version":[{"id":286,"href":"https:\/\/ballon.de\/index.php?rest_route=\/wp\/v2\/pages\/28\/revisions\/286"}],"wp:attachment":[{"href":"https:\/\/ballon.de\/index.php?rest_route=%2Fwp%2Fv2%2Fmedia&parent=28"}],"curies":[{"name":"wp","href":"https:\/\/api.w.org\/{rel}","templated":true}]}}