{"id":45,"date":"2015-12-10T10:47:21","date_gmt":"2015-12-10T10:47:21","guid":{"rendered":"http:\/\/cms.ballon.de\/?page_id=45"},"modified":"2025-07-28T09:29:17","modified_gmt":"2025-07-28T09:29:17","slug":"startseite","status":"publish","type":"page","link":"https:\/\/ballon.de\/","title":{"rendered":"Startseite"},"content":{"rendered":"<div id=\"slider\">    <div id=\"slickc_61379\">\n                    <div>\n                                    <img src=\"https:\/\/ballon.de\/wp-content\/uploads\/2015\/12\/image_06.jpg\" title=\"slide1\" \/>\n                        <\/div>\n                    <div>\n                                    <img src=\"https:\/\/ballon.de\/wp-content\/uploads\/2015\/12\/image_03.jpg\" title=\"slide4\" \/>\n                        <\/div>\n                    <div>\n                                    <img src=\"https:\/\/ballon.de\/wp-content\/uploads\/2015\/12\/Night-Glow-e1453373816832.jpg\" title=\"slide6\" \/>\n                        <\/div>\n                    <div>\n                                    <img src=\"https:\/\/ballon.de\/wp-content\/uploads\/2015\/12\/IMG_0562-e1453373712734.jpg\" title=\"slide8\" \/>\n                        <\/div>\n            <\/div>\n    <script type=\"text\/javascript\">\n        var slickc_61379_options = JSON.parse(\n            '{\"orderby\":\"menu_order\",\"order\":\"ASC\",\"category\":false,\"autoplay\":true,\"autoplaySpeed\":7000,\"pauseOnHover\":true,\"pauseOnDotsHover\":false,\"slidesToShow\":1,\"slidesToScroll\":1,\"speed\":300,\"vertical\":false,\"rtl\":false,\"arrows\":false,\"dots\":false,\"draggable\":true,\"focusOnSelect\":false,\"swipe\":true,\"swipeToSlide\":true,\"touchMove\":true,\"touchThreshold\":5,\"accessibility\":true,\"adaptiveHeight\":false,\"centerMode\":false,\"centerPadding\":\"50px\",\"cssEase\":\"ease\",\"easing\":\"linear\",\"fade\":false,\"lazyLoad\":\"ondemand\",\"respondTo\":\"window\",\"useCSS\":true,\"variableWidth\":false}'\n        );\n        jQuery(document).ready(function() {\n            jQuery('#slickc_61379').slick(slickc_61379_options)\n        })\n    <\/script>\n<\/div>\n<h3><\/h3>\n<h3>Herzlich Willkommen beim Ballonteam Werl<\/h3>\n<p data-start=\"105\" data-end=\"323\"><strong><em>HINWEIS AN UNSERE GUTSCHEININHABER:<\/em><\/strong><\/p>\n<p data-start=\"105\" data-end=\"323\"><strong><em>Da wir das Ballonfahren einstellen, k\u00f6nnen bestehende Gutscheine letztmalig w\u00e4hrend der Warsteiner Internationale Montgolfiade (05. \u2013 13. September 2025) eingel\u00f6st werden.<\/em><\/strong><\/p>\n<p data-start=\"325\" data-end=\"456\"><strong><em>Bitte beachten Sie unsere neuen Telefonnummern f\u00fcr R\u00fcckfragen:<\/em><\/strong><br data-start=\"408\" data-end=\"411\" \/><strong><em>\ud83d\udcde 0157 \/ 557 86 843<\/em><\/strong><br data-start=\"431\" data-end=\"434\" \/><strong><em>\ud83d\udcde 0176 \/ 615 20 863<\/em><\/strong><\/p>\n<p data-start=\"458\" data-end=\"534\"><strong><em>Wir danken Ihnen herzlich f\u00fcr Ihre Treue und die vielen gemeinsamen Fahrten!<\/em><\/strong><\/p>\n","protected":false},"excerpt":{"rendered":"<p>Herzlich Willkommen beim Ballonteam Werl HINWEIS AN UNSERE GUTSCHEININHABER: Da wir das Ballonfahren einstellen, k\u00f6nnen bestehende Gutscheine letztmalig w\u00e4hrend der Warsteiner Internationale Montgolfiade (05. \u2013 13. September 2025) eingel\u00f6st werden. Bitte beachten Sie unsere neuen Telefonnummern f\u00fcr R\u00fcckfragen:\ud83d\udcde 0157 \/ 557 86 843\ud83d\udcde 0176 \/ 615 20 863 Wir danken Ihnen herzlich f\u00fcr Ihre Treue [&hellip;]<\/p>\n","protected":false},"author":1,"featured_media":0,"parent":0,"menu_order":0,"comment_status":"closed","ping_status":"closed","template":"full-width-page.php","meta":[],"_links":{"self":[{"href":"https:\/\/ballon.de\/index.php?rest_route=\/wp\/v2\/pages\/45"}],"collection":[{"href":"https:\/\/ballon.de\/index.php?rest_route=\/wp\/v2\/pages"}],"about":[{"href":"https:\/\/ballon.de\/index.php?rest_route=\/wp\/v2\/types\/page"}],"author":[{"embeddable":true,"href":"https:\/\/ballon.de\/index.php?rest_route=\/wp\/v2\/users\/1"}],"replies":[{"embeddable":true,"href":"https:\/\/ballon.de\/index.php?rest_route=%2Fwp%2Fv2%2Fcomments&post=45"}],"version-history":[{"count":77,"href":"https:\/\/ballon.de\/index.php?rest_route=\/wp\/v2\/pages\/45\/revisions"}],"predecessor-version":[{"id":489,"href":"https:\/\/ballon.de\/index.php?rest_route=\/wp\/v2\/pages\/45\/revisions\/489"}],"wp:attachment":[{"href":"https:\/\/ballon.de\/index.php?rest_route=%2Fwp%2Fv2%2Fmedia&parent=45"}],"curies":[{"name":"wp","href":"https:\/\/api.w.org\/{rel}","templated":true}]}}